{"id":2087,"date":"2023-11-09T22:41:49","date_gmt":"2023-11-09T21:41:49","guid":{"rendered":"https:\/\/camminodellasibilla.com\/?page_id=2087"},"modified":"2024-06-25T00:26:45","modified_gmt":"2024-06-24T22:26:45","slug":"richiesta-credenziale","status":"publish","type":"page","link":"https:\/\/camminodellasibilla.com\/index.php\/richiesta-credenziale\/","title":{"rendered":"Richiesta credenziale"},"content":{"rendered":"\t\t<div data-elementor-type=\"wp-page\" data-elementor-id=\"2087\" class=\"elementor elementor-2087\" data-elementor-post-type=\"page\">\n\t\t\t\t\t\t<section class=\"elementor-section elementor-top-section elementor-element elementor-element-327d1e0 elementor-section-boxed elementor-section-height-default elementor-section-height-default wpr-particle-no wpr-jarallax-no wpr-parallax-no wpr-sticky-section-no\" data-id=\"327d1e0\" data-element_type=\"section\">\n\t\t\t\t\t\t<div class=\"elementor-container elementor-column-gap-default\">\n\t\t\t\t\t<div class=\"elementor-column elementor-col-100 elementor-top-column elementor-element elementor-element-a62f288\" data-id=\"a62f288\" data-element_type=\"column\">\n\t\t\t<div class=\"elementor-widget-wrap elementor-element-populated\">\n\t\t\t\t\t\t<div class=\"elementor-element elementor-element-6611119 elementor-widget elementor-widget-heading\" data-id=\"6611119\" data-element_type=\"widget\" data-widget_type=\"heading.default\">\n\t\t\t\t<div class=\"elementor-widget-container\">\n\t\t\t\t\t<h2 class=\"elementor-heading-title elementor-size-default\">Richiesta Credenziale<\/h2>\t\t\t\t<\/div>\n\t\t\t\t<\/div>\n\t\t\t\t\t<\/div>\n\t\t<\/div>\n\t\t\t\t\t<\/div>\n\t\t<\/section>\n\t\t\t\t<section class=\"elementor-section elementor-top-section elementor-element elementor-element-a62795c elementor-section-boxed elementor-section-height-default elementor-section-height-default wpr-particle-no wpr-jarallax-no wpr-parallax-no wpr-sticky-section-no\" data-id=\"a62795c\" data-element_type=\"section\">\n\t\t\t\t\t\t<div class=\"elementor-container elementor-column-gap-default\">\n\t\t\t\t\t<div class=\"elementor-column elementor-col-100 elementor-top-column elementor-element elementor-element-015966e\" data-id=\"015966e\" data-element_type=\"column\">\n\t\t\t<div class=\"elementor-widget-wrap elementor-element-populated\">\n\t\t\t\t\t\t<div class=\"elementor-element elementor-element-5c58b20 elementor-widget elementor-widget-text-editor\" data-id=\"5c58b20\" data-element_type=\"widget\" data-widget_type=\"text-editor.default\">\n\t\t\t\t<div class=\"elementor-widget-container\">\n\t\t\t\t\t\t\t\t\t<div><div>Ciao camminatore e camminatrice!<\/div><\/div><div><div>Di seguito trovi tutte le istruzioni per ottenere le credenziali.<\/div><\/div><div><div>\u00a0<\/div><div>Per le credenziali \u00e8 necessario effettuare una donazione (si suggerisce un contributo minimo di <strong><em>13 euro<\/em><\/strong>) al seguente <strong>IBAN IT66E3608105138237699837712\u00a0<\/strong> intestato a &#8220;Borzacchiello Antimo&#8221;<\/div><p><b>Causale: &#8220;<i>donazione per Credenziale a sostegno del Cammino\u00a0<\/i><\/b><b>della Sibilla<\/b><b>&#8220;<\/b>.<\/p><p>Inviare una mail all&#8217;indirizzo <a href=\"mailto:info@camminodellasibilla.com\">info@camminodellasibilla.com<\/a><\/p><p>specificando nell&#8217;oggetto &#8220;richiesta credenziale&#8221; comunicando i seguenti dati:<\/p><p>Nome e Cognome<\/p><p>Indirizzo completo (via, n\u00b0 civico, cap e citt\u00e0) per la spedizione<\/p><p>Et\u00e0<\/p><p>Data di partenza<\/p><p>Num. di telefono\\WathsApp<\/p><p>Specificare se \u00e8 il primo cammino<\/p><p>inserire la seguente dicitura: Si autorizza al trattamento dei dati personali trasmessi ai sensi della legge27.04.2016 n\u00b0679 per esclusivo uso interno. Altres\u00ec si autorizza alla divulgazione di materiale video e fotografico sui nostri canali multimediali e social; tale autorizzazione si intende gratuita e valida per tutte le attivit\u00e0 relative al &#8220;Cammino della Sibilla&#8221;\u00a0<\/p><p>Allegare distinta di donazione<\/p><div><em><span style=\"text-decoration: underline;\">Viene inviato il &#8220;Kit del buon cammino&#8221; composto da: Passaporto del viandante, Toppa ufficiale del cammino, adesivo e ritiro gratuito del Testimonium una volta finito il cammino.<\/span><\/em><\/div><div><div>\u00a0<\/div><div>In alternativa alla mail si pu\u00f2 inviare il tutto via whatsapp al numero &#8220;3757812233&#8221;\u00a0<\/div><div>\u00a0<\/div><div>Attraverso la donazione per la Credenziale contribuirai a coprire le spese di stampa e invio e a sostenere anche tu il progetto del Cammino della Sibilla!<\/div><\/div><\/div><div><p><i>IMPORTANTE! La credenziale sar\u00e0 inviata per posta all&#8217;indirizzo indicato nella solo se la data di partenza indicativa \u00e8 di almeno di 20 giorni successiva alla richiesta, in modo che tu abbia il tempo di riceverla. In caso contrario ti indicheremo dove ritirare la credenziale sul percorso.<\/i><\/p><p>Per altri chiarimenti\/\u00a0approfondimenti\u00a0potete scriverci a: info@camminodellasibilla.com<\/p><p>oppure whatsapp al numero &#8220;3757812233&#8221;\u00a0<\/p><\/div>\t\t\t\t\t\t\t\t<\/div>\n\t\t\t\t<\/div>\n\t\t\t\t\t<\/div>\n\t\t<\/div>\n\t\t\t\t\t<\/div>\n\t\t<\/section>\n\t\t\t\t<\/div>\n\t\t","protected":false},"excerpt":{"rendered":"<p>Richiesta Credenziale Ciao camminatore e camminatrice!Di seguito trovi tutte le istruzioni per ottenere le credenziali.\u00a0Per le credenziali \u00e8 necessario effettuare una donazione (si suggerisce un contributo minimo di 13 euro) al seguente IBAN IT66E3608105138237699837712\u00a0 intestato a &#8220;Borzacchiello Antimo&#8221; Causale: &#8220;donazione per Credenziale a sostegno del Cammino\u00a0della Sibilla&#8220;. Inviare una mail all&#8217;indirizzo info@camminodellasibilla.com specificando nell&#8217;oggetto &#8220;richiesta credenziale&#8221; comunicando i seguenti dati: Nome e Cognome Indirizzo completo (via, n\u00b0 civico, cap e citt\u00e0) per la spedizione Et\u00e0 Data di partenza Num. di telefonoWathsApp Specificare se \u00e8 il primo cammino inserire la seguente dicitura: Si autorizza al trattamento dei dati personali trasmessi ai sensi della legge27.04.2016 n\u00b0679 per esclusivo uso interno. Altres\u00ec si autorizza alla divulgazione di materiale video e fotografico sui nostri canali multimediali e social; tale autorizzazione si intende gratuita e valida per tutte le attivit\u00e0 relative al &#8220;Cammino della Sibilla&#8221;\u00a0 Allegare distinta di donazione Viene inviato il &#8220;Kit del buon cammino&#8221; composto da: Passaporto del viandante, Toppa ufficiale del cammino, adesivo e ritiro gratuito del Testimonium una volta finito il cammino.\u00a0In alternativa alla mail si pu\u00f2 inviare il tutto via whatsapp al numero &#8220;3757812233&#8221;\u00a0\u00a0Attraverso la donazione per la Credenziale contribuirai a coprire le spese di stampa e invio e a sostenere anche tu il progetto del Cammino della Sibilla! IMPORTANTE! La credenziale sar\u00e0 inviata per posta all&#8217;indirizzo indicato nella solo se la data di partenza indicativa \u00e8 di almeno di 20 giorni successiva alla richiesta, in modo che tu abbia il tempo di riceverla. In caso contrario ti indicheremo dove ritirare la credenziale sul percorso. Per altri chiarimenti\/\u00a0approfondimenti\u00a0potete scriverci a: info@camminodellasibilla.com oppure whatsapp al numero &#8220;3757812233&#8221;\u00a0<\/p>\n","protected":false},"author":1,"featured_media":0,"parent":0,"menu_order":0,"comment_status":"closed","ping_status":"closed","template":"","meta":{"footnotes":""},"class_list":["post-2087","page","type-page","status-publish","hentry"],"yoast_head":"<!-- This site is optimized with the Yoast SEO plugin v24.5 - https:\/\/yoast.com\/wordpress\/plugins\/seo\/ -->\n<title>Richiesta credenziale - camminodellasibilla.com<\/title>\n<meta name=\"robots\" content=\"index, follow, max-snippet:-1, max-image-preview:large, max-video-preview:-1\" \/>\n<link rel=\"canonical\" href=\"https:\/\/camminodellasibilla.com\/index.php\/richiesta-credenziale\/\" \/>\n<meta property=\"og:locale\" content=\"it_IT\" \/>\n<meta property=\"og:type\" content=\"article\" \/>\n<meta property=\"og:title\" content=\"Richiesta credenziale - camminodellasibilla.com\" \/>\n<meta property=\"og:description\" content=\"Richiesta Credenziale Ciao camminatore e camminatrice!Di seguito trovi tutte le istruzioni per ottenere le credenziali.\u00a0Per le credenziali \u00e8 necessario effettuare una donazione (si suggerisce un contributo minimo di 13 euro) al seguente IBAN IT66E3608105138237699837712\u00a0 intestato a &#8220;Borzacchiello Antimo&#8221; Causale: &#8220;donazione per Credenziale a sostegno del Cammino\u00a0della Sibilla&#8220;. Inviare una mail all&#8217;indirizzo info@camminodellasibilla.com specificando nell&#8217;oggetto &#8220;richiesta credenziale&#8221; comunicando i seguenti dati: Nome e Cognome Indirizzo completo (via, n\u00b0 civico, cap e citt\u00e0) per la spedizione Et\u00e0 Data di partenza Num. di telefonoWathsApp Specificare se \u00e8 il primo cammino inserire la seguente dicitura: Si autorizza al trattamento dei dati personali trasmessi ai sensi della legge27.04.2016 n\u00b0679 per esclusivo uso interno. Altres\u00ec si autorizza alla divulgazione di materiale video e fotografico sui nostri canali multimediali e social; tale autorizzazione si intende gratuita e valida per tutte le attivit\u00e0 relative al &#8220;Cammino della Sibilla&#8221;\u00a0 Allegare distinta di donazione Viene inviato il &#8220;Kit del buon cammino&#8221; composto da: Passaporto del viandante, Toppa ufficiale del cammino, adesivo e ritiro gratuito del Testimonium una volta finito il cammino.\u00a0In alternativa alla mail si pu\u00f2 inviare il tutto via whatsapp al numero &#8220;3757812233&#8221;\u00a0\u00a0Attraverso la donazione per la Credenziale contribuirai a coprire le spese di stampa e invio e a sostenere anche tu il progetto del Cammino della Sibilla! IMPORTANTE! La credenziale sar\u00e0 inviata per posta all&#8217;indirizzo indicato nella solo se la data di partenza indicativa \u00e8 di almeno di 20 giorni successiva alla richiesta, in modo che tu abbia il tempo di riceverla. In caso contrario ti indicheremo dove ritirare la credenziale sul percorso. Per altri chiarimenti\/\u00a0approfondimenti\u00a0potete scriverci a: info@camminodellasibilla.com oppure whatsapp al numero &#8220;3757812233&#8221;\u00a0\" \/>\n<meta property=\"og:url\" content=\"https:\/\/camminodellasibilla.com\/index.php\/richiesta-credenziale\/\" \/>\n<meta property=\"og:site_name\" content=\"camminodellasibilla.com\" \/>\n<meta property=\"article:modified_time\" content=\"2024-06-24T22:26:45+00:00\" \/>\n<meta name=\"twitter:card\" content=\"summary_large_image\" \/>\n<meta name=\"twitter:label1\" content=\"Tempo di lettura stimato\" \/>\n\t<meta name=\"twitter:data1\" content=\"1 minuto\" \/>\n<script type=\"application\/ld+json\" class=\"yoast-schema-graph\">{\"@context\":\"https:\/\/schema.org\",\"@graph\":[{\"@type\":\"WebPage\",\"@id\":\"https:\/\/camminodellasibilla.com\/index.php\/richiesta-credenziale\/\",\"url\":\"https:\/\/camminodellasibilla.com\/index.php\/richiesta-credenziale\/\",\"name\":\"Richiesta credenziale - camminodellasibilla.com\",\"isPartOf\":{\"@id\":\"https:\/\/camminodellasibilla.com\/#website\"},\"datePublished\":\"2023-11-09T21:41:49+00:00\",\"dateModified\":\"2024-06-24T22:26:45+00:00\",\"breadcrumb\":{\"@id\":\"https:\/\/camminodellasibilla.com\/index.php\/richiesta-credenziale\/#breadcrumb\"},\"inLanguage\":\"it-IT\",\"potentialAction\":[{\"@type\":\"ReadAction\",\"target\":[\"https:\/\/camminodellasibilla.com\/index.php\/richiesta-credenziale\/\"]}]},{\"@type\":\"BreadcrumbList\",\"@id\":\"https:\/\/camminodellasibilla.com\/index.php\/richiesta-credenziale\/#breadcrumb\",\"itemListElement\":[{\"@type\":\"ListItem\",\"position\":1,\"name\":\"Home\",\"item\":\"https:\/\/camminodellasibilla.com\/\"},{\"@type\":\"ListItem\",\"position\":2,\"name\":\"Richiesta credenziale\"}]},{\"@type\":\"WebSite\",\"@id\":\"https:\/\/camminodellasibilla.com\/#website\",\"url\":\"https:\/\/camminodellasibilla.com\/\",\"name\":\"camminodellasibilla.com\",\"description\":\"Cammino della Sibilla\",\"publisher\":{\"@id\":\"https:\/\/camminodellasibilla.com\/#organization\"},\"potentialAction\":[{\"@type\":\"SearchAction\",\"target\":{\"@type\":\"EntryPoint\",\"urlTemplate\":\"https:\/\/camminodellasibilla.com\/?s={search_term_string}\"},\"query-input\":{\"@type\":\"PropertyValueSpecification\",\"valueRequired\":true,\"valueName\":\"search_term_string\"}}],\"inLanguage\":\"it-IT\"},{\"@type\":\"Organization\",\"@id\":\"https:\/\/camminodellasibilla.com\/#organization\",\"name\":\"camminodellasibilla.com\",\"url\":\"https:\/\/camminodellasibilla.com\/\",\"logo\":{\"@type\":\"ImageObject\",\"inLanguage\":\"it-IT\",\"@id\":\"https:\/\/camminodellasibilla.com\/#\/schema\/logo\/image\/\",\"url\":\"https:\/\/camminodellasibilla.com\/wp-content\/uploads\/2023\/05\/Cammino-della-sibila-no-bg-1-1.png\",\"contentUrl\":\"https:\/\/camminodellasibilla.com\/wp-content\/uploads\/2023\/05\/Cammino-della-sibila-no-bg-1-1.png\",\"width\":3600,\"height\":3600,\"caption\":\"camminodellasibilla.com\"},\"image\":{\"@id\":\"https:\/\/camminodellasibilla.com\/#\/schema\/logo\/image\/\"}}]}<\/script>\n<!-- \/ Yoast SEO plugin. -->","yoast_head_json":{"title":"Richiesta credenziale - camminodellasibilla.com","robots":{"index":"index","follow":"follow","max-snippet":"max-snippet:-1","max-image-preview":"max-image-preview:large","max-video-preview":"max-video-preview:-1"},"canonical":"https:\/\/camminodellasibilla.com\/index.php\/richiesta-credenziale\/","og_locale":"it_IT","og_type":"article","og_title":"Richiesta credenziale - camminodellasibilla.com","og_description":"Richiesta Credenziale Ciao camminatore e camminatrice!Di seguito trovi tutte le istruzioni per ottenere le credenziali.\u00a0Per le credenziali \u00e8 necessario effettuare una donazione (si suggerisce un contributo minimo di 13 euro) al seguente IBAN IT66E3608105138237699837712\u00a0 intestato a &#8220;Borzacchiello Antimo&#8221; Causale: &#8220;donazione per Credenziale a sostegno del Cammino\u00a0della Sibilla&#8220;. Inviare una mail all&#8217;indirizzo info@camminodellasibilla.com specificando nell&#8217;oggetto &#8220;richiesta credenziale&#8221; comunicando i seguenti dati: Nome e Cognome Indirizzo completo (via, n\u00b0 civico, cap e citt\u00e0) per la spedizione Et\u00e0 Data di partenza Num. di telefonoWathsApp Specificare se \u00e8 il primo cammino inserire la seguente dicitura: Si autorizza al trattamento dei dati personali trasmessi ai sensi della legge27.04.2016 n\u00b0679 per esclusivo uso interno. Altres\u00ec si autorizza alla divulgazione di materiale video e fotografico sui nostri canali multimediali e social; tale autorizzazione si intende gratuita e valida per tutte le attivit\u00e0 relative al &#8220;Cammino della Sibilla&#8221;\u00a0 Allegare distinta di donazione Viene inviato il &#8220;Kit del buon cammino&#8221; composto da: Passaporto del viandante, Toppa ufficiale del cammino, adesivo e ritiro gratuito del Testimonium una volta finito il cammino.\u00a0In alternativa alla mail si pu\u00f2 inviare il tutto via whatsapp al numero &#8220;3757812233&#8221;\u00a0\u00a0Attraverso la donazione per la Credenziale contribuirai a coprire le spese di stampa e invio e a sostenere anche tu il progetto del Cammino della Sibilla! IMPORTANTE! La credenziale sar\u00e0 inviata per posta all&#8217;indirizzo indicato nella solo se la data di partenza indicativa \u00e8 di almeno di 20 giorni successiva alla richiesta, in modo che tu abbia il tempo di riceverla. In caso contrario ti indicheremo dove ritirare la credenziale sul percorso. Per altri chiarimenti\/\u00a0approfondimenti\u00a0potete scriverci a: info@camminodellasibilla.com oppure whatsapp al numero &#8220;3757812233&#8221;\u00a0","og_url":"https:\/\/camminodellasibilla.com\/index.php\/richiesta-credenziale\/","og_site_name":"camminodellasibilla.com","article_modified_time":"2024-06-24T22:26:45+00:00","twitter_card":"summary_large_image","twitter_misc":{"Tempo di lettura stimato":"1 minuto"},"schema":{"@context":"https:\/\/schema.org","@graph":[{"@type":"WebPage","@id":"https:\/\/camminodellasibilla.com\/index.php\/richiesta-credenziale\/","url":"https:\/\/camminodellasibilla.com\/index.php\/richiesta-credenziale\/","name":"Richiesta credenziale - camminodellasibilla.com","isPartOf":{"@id":"https:\/\/camminodellasibilla.com\/#website"},"datePublished":"2023-11-09T21:41:49+00:00","dateModified":"2024-06-24T22:26:45+00:00","breadcrumb":{"@id":"https:\/\/camminodellasibilla.com\/index.php\/richiesta-credenziale\/#breadcrumb"},"inLanguage":"it-IT","potentialAction":[{"@type":"ReadAction","target":["https:\/\/camminodellasibilla.com\/index.php\/richiesta-credenziale\/"]}]},{"@type":"BreadcrumbList","@id":"https:\/\/camminodellasibilla.com\/index.php\/richiesta-credenziale\/#breadcrumb","itemListElement":[{"@type":"ListItem","position":1,"name":"Home","item":"https:\/\/camminodellasibilla.com\/"},{"@type":"ListItem","position":2,"name":"Richiesta credenziale"}]},{"@type":"WebSite","@id":"https:\/\/camminodellasibilla.com\/#website","url":"https:\/\/camminodellasibilla.com\/","name":"camminodellasibilla.com","description":"Cammino della Sibilla","publisher":{"@id":"https:\/\/camminodellasibilla.com\/#organization"},"potentialAction":[{"@type":"SearchAction","target":{"@type":"EntryPoint","urlTemplate":"https:\/\/camminodellasibilla.com\/?s={search_term_string}"},"query-input":{"@type":"PropertyValueSpecification","valueRequired":true,"valueName":"search_term_string"}}],"inLanguage":"it-IT"},{"@type":"Organization","@id":"https:\/\/camminodellasibilla.com\/#organization","name":"camminodellasibilla.com","url":"https:\/\/camminodellasibilla.com\/","logo":{"@type":"ImageObject","inLanguage":"it-IT","@id":"https:\/\/camminodellasibilla.com\/#\/schema\/logo\/image\/","url":"https:\/\/camminodellasibilla.com\/wp-content\/uploads\/2023\/05\/Cammino-della-sibila-no-bg-1-1.png","contentUrl":"https:\/\/camminodellasibilla.com\/wp-content\/uploads\/2023\/05\/Cammino-della-sibila-no-bg-1-1.png","width":3600,"height":3600,"caption":"camminodellasibilla.com"},"image":{"@id":"https:\/\/camminodellasibilla.com\/#\/schema\/logo\/image\/"}}]}},"_links":{"self":[{"href":"https:\/\/camminodellasibilla.com\/index.php\/wp-json\/wp\/v2\/pages\/2087","targetHints":{"allow":["GET"]}}],"collection":[{"href":"https:\/\/camminodellasibilla.com\/index.php\/wp-json\/wp\/v2\/pages"}],"about":[{"href":"https:\/\/camminodellasibilla.com\/index.php\/wp-json\/wp\/v2\/types\/page"}],"author":[{"embeddable":true,"href":"https:\/\/camminodellasibilla.com\/index.php\/wp-json\/wp\/v2\/users\/1"}],"replies":[{"embeddable":true,"href":"https:\/\/camminodellasibilla.com\/index.php\/wp-json\/wp\/v2\/comments?post=2087"}],"version-history":[{"count":28,"href":"https:\/\/camminodellasibilla.com\/index.php\/wp-json\/wp\/v2\/pages\/2087\/revisions"}],"predecessor-version":[{"id":3028,"href":"https:\/\/camminodellasibilla.com\/index.php\/wp-json\/wp\/v2\/pages\/2087\/revisions\/3028"}],"wp:attachment":[{"href":"https:\/\/camminodellasibilla.com\/index.php\/wp-json\/wp\/v2\/media?parent=2087"}],"curies":[{"name":"wp","href":"https:\/\/api.w.org\/{rel}","templated":true}]}}