{"id":780,"date":"2023-09-10T15:32:17","date_gmt":"2023-09-10T13:32:17","guid":{"rendered":"https:\/\/camminodellasibilla.com\/?page_id=780"},"modified":"2025-10-14T23:20:12","modified_gmt":"2025-10-14T21:20:12","slug":"dove-dormire","status":"publish","type":"page","link":"https:\/\/camminodellasibilla.com\/index.php\/dove-dormire\/","title":{"rendered":"Dove dormire"},"content":{"rendered":"\t\t<div data-elementor-type=\"wp-page\" data-elementor-id=\"780\" class=\"elementor elementor-780\" data-elementor-post-type=\"page\">\n\t\t\t\t\t\t<section class=\"elementor-section elementor-top-section elementor-element elementor-element-95126d5 elementor-section-boxed elementor-section-height-default elementor-section-height-default wpr-particle-no wpr-jarallax-no wpr-parallax-no wpr-sticky-section-no\" data-id=\"95126d5\" data-element_type=\"section\">\n\t\t\t\t\t\t<div class=\"elementor-container elementor-column-gap-default\">\n\t\t\t\t\t<div class=\"elementor-column elementor-col-100 elementor-top-column elementor-element elementor-element-da261d6\" data-id=\"da261d6\" data-element_type=\"column\">\n\t\t\t<div class=\"elementor-widget-wrap elementor-element-populated\">\n\t\t\t\t\t\t<div class=\"elementor-element elementor-element-771303c elementor-widget elementor-widget-heading\" data-id=\"771303c\" data-element_type=\"widget\" data-widget_type=\"heading.default\">\n\t\t\t\t<div class=\"elementor-widget-container\">\n\t\t\t\t\t<h1 class=\"elementor-heading-title elementor-size-default\">Dove dormire<\/h1>\t\t\t\t<\/div>\n\t\t\t\t<\/div>\n\t\t\t\t\t<\/div>\n\t\t<\/div>\n\t\t\t\t\t<\/div>\n\t\t<\/section>\n\t\t\t\t<section class=\"elementor-section elementor-top-section elementor-element elementor-element-eb1cdd6 elementor-section-boxed elementor-section-height-default elementor-section-height-default wpr-particle-no wpr-jarallax-no wpr-parallax-no wpr-sticky-section-no\" data-id=\"eb1cdd6\" data-element_type=\"section\">\n\t\t\t\t\t\t<div class=\"elementor-container elementor-column-gap-default\">\n\t\t\t\t\t<div class=\"elementor-column elementor-col-100 elementor-top-column elementor-element elementor-element-1f3c0e1\" data-id=\"1f3c0e1\" data-element_type=\"column\">\n\t\t\t<div class=\"elementor-widget-wrap elementor-element-populated\">\n\t\t\t\t\t\t<div class=\"elementor-element elementor-element-319b518 elementor-widget elementor-widget-text-editor\" data-id=\"319b518\" data-element_type=\"widget\" data-widget_type=\"text-editor.default\">\n\t\t\t\t<div class=\"elementor-widget-container\">\n\t\t\t\t\t\t\t\t\t<h5>Lungo il percorso del Cammino della Sibilla troverai numerose strutture ricettive, punti ristoro e servizi dedicati ai Viandanti. Per garantirti un&#8217;esperienza completa e ben organizzata, forniamo un elenco dettagliato di tutti gli alloggi convenzionati, attivit\u00e0 ristorative e servizio trasporto zaino disponibili nelle varie tappe del cammino.<\/h5><h5 class=\"whitespace-normal break-words\"><strong>L&#8217;elenco completo verr\u00e0 fornito insieme al Passaporto del Viandante (credenziale)<\/strong>, cos\u00ec potrai avere tutte le informazioni necessarie per pianificare al meglio il tuo percorso e usufruire delle convenzioni riservate ai camminatori.<\/h5>\t\t\t\t\t\t\t\t<\/div>\n\t\t\t\t<\/div>\n\t\t\t\t\t<\/div>\n\t\t<\/div>\n\t\t\t\t\t<\/div>\n\t\t<\/section>\n\t\t\t\t<section class=\"elementor-section elementor-top-section elementor-element elementor-element-f94b8ce elementor-section-boxed elementor-section-height-default elementor-section-height-default wpr-particle-no wpr-jarallax-no wpr-parallax-no wpr-sticky-section-no\" data-id=\"f94b8ce\" data-element_type=\"section\">\n\t\t\t\t\t\t<div class=\"elementor-container elementor-column-gap-default\">\n\t\t\t\t\t<div class=\"elementor-column elementor-col-100 elementor-top-column elementor-element elementor-element-9e35f37\" data-id=\"9e35f37\" data-element_type=\"column\">\n\t\t\t<div class=\"elementor-widget-wrap elementor-element-populated\">\n\t\t\t\t\t\t<div class=\"elementor-element elementor-element-420aea4 elementor-widget elementor-widget-text-editor\" data-id=\"420aea4\" data-element_type=\"widget\" data-widget_type=\"text-editor.default\">\n\t\t\t\t<div class=\"elementor-widget-container\">\n\t\t\t\t\t\t\t\t\t<p class=\"\" data-start=\"346\" data-end=\"460\">Il Cammino consiglia un elenco di strutture di accoglienza pensato per sostenere i camminatori lungo il percorso. Le strutture che richiedono un contributo economico sono soggette, secondo la normativa vigente della Regione Lazio, all&#8217;obbligo di possedere un Codice Identificativo Nazionale (CIN). Si consiglia ai viandanti di richiedere il CIN direttamente al gestore per avere conferma della regolarit\u00e0 della struttura. Alcune accoglienze presenti lungo il cammino operano invece <strong data-start=\"843\" data-end=\"857\">a donativo<\/strong>, accogliendo i camminatori senza imporre tariffe fisse. In questi casi, la normativa non richiede il possesso del CIN. Anche per queste realt\u00e0 suggeriamo comunque di contattare in anticipo i gestori per chiarire modalit\u00e0 e disponibilit\u00e0. Il Cammino della Sibilla non gestisce direttamente le strutture indicate e pubblica le informazioni a titolo esclusivamente informativo, senza assumersi responsabilit\u00e0 sulla gestione o sulla qualit\u00e0 dei servizi offerti. Per eventuali segnalazioni, aggiornamenti o modifiche relativi alle strutture, puoi contattarci tramite segreteria@camminodellasibilla.com<\/p><p class=\"\" data-start=\"346\" data-end=\"460\">Cammina sereno, rispetta l&#8217;ospitalit\u00e0 ricevuta&#8230; e buon Cammino!<\/p>\t\t\t\t\t\t\t\t<\/div>\n\t\t\t\t<\/div>\n\t\t\t\t\t<\/div>\n\t\t<\/div>\n\t\t\t\t\t<\/div>\n\t\t<\/section>\n\t\t\t\t<\/div>\n\t\t","protected":false},"excerpt":{"rendered":"<p>Dove dormire Lungo il percorso del Cammino della Sibilla troverai numerose strutture ricettive, punti ristoro e servizi dedicati ai Viandanti. Per garantirti un&#8217;esperienza completa e ben organizzata, forniamo un elenco dettagliato di tutti gli alloggi convenzionati, attivit\u00e0 ristorative e servizio trasporto zaino disponibili nelle varie tappe del cammino. L&#8217;elenco completo verr\u00e0 fornito insieme al Passaporto del Viandante (credenziale), cos\u00ec potrai avere tutte le informazioni necessarie per pianificare al meglio il tuo percorso e usufruire delle convenzioni riservate ai camminatori. Il Cammino consiglia un elenco di strutture di accoglienza pensato per sostenere i camminatori lungo il percorso. Le strutture che richiedono un contributo economico sono soggette, secondo la normativa vigente della Regione Lazio, all&#8217;obbligo di possedere un Codice Identificativo Nazionale (CIN). Si consiglia ai viandanti di richiedere il CIN direttamente al gestore per avere conferma della regolarit\u00e0 della struttura. Alcune accoglienze presenti lungo il cammino operano invece a donativo, accogliendo i camminatori senza imporre tariffe fisse. In questi casi, la normativa non richiede il possesso del CIN. Anche per queste realt\u00e0 suggeriamo comunque di contattare in anticipo i gestori per chiarire modalit\u00e0 e disponibilit\u00e0. Il Cammino della Sibilla non gestisce direttamente le strutture indicate e pubblica le informazioni a titolo esclusivamente informativo, senza assumersi responsabilit\u00e0 sulla gestione o sulla qualit\u00e0 dei servizi offerti. Per eventuali segnalazioni, aggiornamenti o modifiche relativi alle strutture, puoi contattarci tramite segreteria@camminodellasibilla.com Cammina sereno, rispetta l&#8217;ospitalit\u00e0 ricevuta&#8230; e buon Cammino!<\/p>\n","protected":false},"author":1,"featured_media":0,"parent":0,"menu_order":0,"comment_status":"closed","ping_status":"closed","template":"","meta":{"footnotes":""},"class_list":["post-780","page","type-page","status-publish","hentry"],"yoast_head":"<!-- This site is optimized with the Yoast SEO plugin v24.5 - https:\/\/yoast.com\/wordpress\/plugins\/seo\/ -->\n<title>Dove dormire - camminodellasibilla.com<\/title>\n<meta name=\"robots\" content=\"index, follow, max-snippet:-1, max-image-preview:large, max-video-preview:-1\" \/>\n<link rel=\"canonical\" href=\"https:\/\/camminodellasibilla.com\/index.php\/dove-dormire\/\" \/>\n<meta property=\"og:locale\" content=\"it_IT\" \/>\n<meta property=\"og:type\" content=\"article\" \/>\n<meta property=\"og:title\" content=\"Dove dormire - camminodellasibilla.com\" \/>\n<meta property=\"og:description\" content=\"Dove dormire Lungo il percorso del Cammino della Sibilla troverai numerose strutture ricettive, punti ristoro e servizi dedicati ai Viandanti. Per garantirti un&#8217;esperienza completa e ben organizzata, forniamo un elenco dettagliato di tutti gli alloggi convenzionati, attivit\u00e0 ristorative e servizio trasporto zaino disponibili nelle varie tappe del cammino. L&#8217;elenco completo verr\u00e0 fornito insieme al Passaporto del Viandante (credenziale), cos\u00ec potrai avere tutte le informazioni necessarie per pianificare al meglio il tuo percorso e usufruire delle convenzioni riservate ai camminatori. Il Cammino consiglia un elenco di strutture di accoglienza pensato per sostenere i camminatori lungo il percorso. Le strutture che richiedono un contributo economico sono soggette, secondo la normativa vigente della Regione Lazio, all&#8217;obbligo di possedere un Codice Identificativo Nazionale (CIN). Si consiglia ai viandanti di richiedere il CIN direttamente al gestore per avere conferma della regolarit\u00e0 della struttura. Alcune accoglienze presenti lungo il cammino operano invece a donativo, accogliendo i camminatori senza imporre tariffe fisse. In questi casi, la normativa non richiede il possesso del CIN. Anche per queste realt\u00e0 suggeriamo comunque di contattare in anticipo i gestori per chiarire modalit\u00e0 e disponibilit\u00e0. Il Cammino della Sibilla non gestisce direttamente le strutture indicate e pubblica le informazioni a titolo esclusivamente informativo, senza assumersi responsabilit\u00e0 sulla gestione o sulla qualit\u00e0 dei servizi offerti. Per eventuali segnalazioni, aggiornamenti o modifiche relativi alle strutture, puoi contattarci tramite segreteria@camminodellasibilla.com Cammina sereno, rispetta l&#8217;ospitalit\u00e0 ricevuta&#8230; e buon Cammino!\" \/>\n<meta property=\"og:url\" content=\"https:\/\/camminodellasibilla.com\/index.php\/dove-dormire\/\" \/>\n<meta property=\"og:site_name\" content=\"camminodellasibilla.com\" \/>\n<meta property=\"article:modified_time\" content=\"2025-10-14T21:20:12+00:00\" \/>\n<meta name=\"twitter:card\" content=\"summary_large_image\" \/>\n<meta name=\"twitter:label1\" content=\"Tempo di lettura stimato\" \/>\n\t<meta name=\"twitter:data1\" content=\"2 minuti\" \/>\n<script type=\"application\/ld+json\" class=\"yoast-schema-graph\">{\"@context\":\"https:\/\/schema.org\",\"@graph\":[{\"@type\":\"WebPage\",\"@id\":\"https:\/\/camminodellasibilla.com\/index.php\/dove-dormire\/\",\"url\":\"https:\/\/camminodellasibilla.com\/index.php\/dove-dormire\/\",\"name\":\"Dove dormire - camminodellasibilla.com\",\"isPartOf\":{\"@id\":\"https:\/\/camminodellasibilla.com\/#website\"},\"datePublished\":\"2023-09-10T13:32:17+00:00\",\"dateModified\":\"2025-10-14T21:20:12+00:00\",\"breadcrumb\":{\"@id\":\"https:\/\/camminodellasibilla.com\/index.php\/dove-dormire\/#breadcrumb\"},\"inLanguage\":\"it-IT\",\"potentialAction\":[{\"@type\":\"ReadAction\",\"target\":[\"https:\/\/camminodellasibilla.com\/index.php\/dove-dormire\/\"]}]},{\"@type\":\"BreadcrumbList\",\"@id\":\"https:\/\/camminodellasibilla.com\/index.php\/dove-dormire\/#breadcrumb\",\"itemListElement\":[{\"@type\":\"ListItem\",\"position\":1,\"name\":\"Home\",\"item\":\"https:\/\/camminodellasibilla.com\/\"},{\"@type\":\"ListItem\",\"position\":2,\"name\":\"Dove dormire\"}]},{\"@type\":\"WebSite\",\"@id\":\"https:\/\/camminodellasibilla.com\/#website\",\"url\":\"https:\/\/camminodellasibilla.com\/\",\"name\":\"camminodellasibilla.com\",\"description\":\"Cammino della Sibilla\",\"publisher\":{\"@id\":\"https:\/\/camminodellasibilla.com\/#organization\"},\"potentialAction\":[{\"@type\":\"SearchAction\",\"target\":{\"@type\":\"EntryPoint\",\"urlTemplate\":\"https:\/\/camminodellasibilla.com\/?s={search_term_string}\"},\"query-input\":{\"@type\":\"PropertyValueSpecification\",\"valueRequired\":true,\"valueName\":\"search_term_string\"}}],\"inLanguage\":\"it-IT\"},{\"@type\":\"Organization\",\"@id\":\"https:\/\/camminodellasibilla.com\/#organization\",\"name\":\"camminodellasibilla.com\",\"url\":\"https:\/\/camminodellasibilla.com\/\",\"logo\":{\"@type\":\"ImageObject\",\"inLanguage\":\"it-IT\",\"@id\":\"https:\/\/camminodellasibilla.com\/#\/schema\/logo\/image\/\",\"url\":\"https:\/\/camminodellasibilla.com\/wp-content\/uploads\/2023\/05\/Cammino-della-sibila-no-bg-1-1.png\",\"contentUrl\":\"https:\/\/camminodellasibilla.com\/wp-content\/uploads\/2023\/05\/Cammino-della-sibila-no-bg-1-1.png\",\"width\":3600,\"height\":3600,\"caption\":\"camminodellasibilla.com\"},\"image\":{\"@id\":\"https:\/\/camminodellasibilla.com\/#\/schema\/logo\/image\/\"}}]}<\/script>\n<!-- \/ Yoast SEO plugin. -->","yoast_head_json":{"title":"Dove dormire - camminodellasibilla.com","robots":{"index":"index","follow":"follow","max-snippet":"max-snippet:-1","max-image-preview":"max-image-preview:large","max-video-preview":"max-video-preview:-1"},"canonical":"https:\/\/camminodellasibilla.com\/index.php\/dove-dormire\/","og_locale":"it_IT","og_type":"article","og_title":"Dove dormire - camminodellasibilla.com","og_description":"Dove dormire Lungo il percorso del Cammino della Sibilla troverai numerose strutture ricettive, punti ristoro e servizi dedicati ai Viandanti. Per garantirti un&#8217;esperienza completa e ben organizzata, forniamo un elenco dettagliato di tutti gli alloggi convenzionati, attivit\u00e0 ristorative e servizio trasporto zaino disponibili nelle varie tappe del cammino. L&#8217;elenco completo verr\u00e0 fornito insieme al Passaporto del Viandante (credenziale), cos\u00ec potrai avere tutte le informazioni necessarie per pianificare al meglio il tuo percorso e usufruire delle convenzioni riservate ai camminatori. Il Cammino consiglia un elenco di strutture di accoglienza pensato per sostenere i camminatori lungo il percorso. Le strutture che richiedono un contributo economico sono soggette, secondo la normativa vigente della Regione Lazio, all&#8217;obbligo di possedere un Codice Identificativo Nazionale (CIN). Si consiglia ai viandanti di richiedere il CIN direttamente al gestore per avere conferma della regolarit\u00e0 della struttura. Alcune accoglienze presenti lungo il cammino operano invece a donativo, accogliendo i camminatori senza imporre tariffe fisse. In questi casi, la normativa non richiede il possesso del CIN. Anche per queste realt\u00e0 suggeriamo comunque di contattare in anticipo i gestori per chiarire modalit\u00e0 e disponibilit\u00e0. Il Cammino della Sibilla non gestisce direttamente le strutture indicate e pubblica le informazioni a titolo esclusivamente informativo, senza assumersi responsabilit\u00e0 sulla gestione o sulla qualit\u00e0 dei servizi offerti. Per eventuali segnalazioni, aggiornamenti o modifiche relativi alle strutture, puoi contattarci tramite segreteria@camminodellasibilla.com Cammina sereno, rispetta l&#8217;ospitalit\u00e0 ricevuta&#8230; e buon Cammino!","og_url":"https:\/\/camminodellasibilla.com\/index.php\/dove-dormire\/","og_site_name":"camminodellasibilla.com","article_modified_time":"2025-10-14T21:20:12+00:00","twitter_card":"summary_large_image","twitter_misc":{"Tempo di lettura stimato":"2 minuti"},"schema":{"@context":"https:\/\/schema.org","@graph":[{"@type":"WebPage","@id":"https:\/\/camminodellasibilla.com\/index.php\/dove-dormire\/","url":"https:\/\/camminodellasibilla.com\/index.php\/dove-dormire\/","name":"Dove dormire - camminodellasibilla.com","isPartOf":{"@id":"https:\/\/camminodellasibilla.com\/#website"},"datePublished":"2023-09-10T13:32:17+00:00","dateModified":"2025-10-14T21:20:12+00:00","breadcrumb":{"@id":"https:\/\/camminodellasibilla.com\/index.php\/dove-dormire\/#breadcrumb"},"inLanguage":"it-IT","potentialAction":[{"@type":"ReadAction","target":["https:\/\/camminodellasibilla.com\/index.php\/dove-dormire\/"]}]},{"@type":"BreadcrumbList","@id":"https:\/\/camminodellasibilla.com\/index.php\/dove-dormire\/#breadcrumb","itemListElement":[{"@type":"ListItem","position":1,"name":"Home","item":"https:\/\/camminodellasibilla.com\/"},{"@type":"ListItem","position":2,"name":"Dove dormire"}]},{"@type":"WebSite","@id":"https:\/\/camminodellasibilla.com\/#website","url":"https:\/\/camminodellasibilla.com\/","name":"camminodellasibilla.com","description":"Cammino della Sibilla","publisher":{"@id":"https:\/\/camminodellasibilla.com\/#organization"},"potentialAction":[{"@type":"SearchAction","target":{"@type":"EntryPoint","urlTemplate":"https:\/\/camminodellasibilla.com\/?s={search_term_string}"},"query-input":{"@type":"PropertyValueSpecification","valueRequired":true,"valueName":"search_term_string"}}],"inLanguage":"it-IT"},{"@type":"Organization","@id":"https:\/\/camminodellasibilla.com\/#organization","name":"camminodellasibilla.com","url":"https:\/\/camminodellasibilla.com\/","logo":{"@type":"ImageObject","inLanguage":"it-IT","@id":"https:\/\/camminodellasibilla.com\/#\/schema\/logo\/image\/","url":"https:\/\/camminodellasibilla.com\/wp-content\/uploads\/2023\/05\/Cammino-della-sibila-no-bg-1-1.png","contentUrl":"https:\/\/camminodellasibilla.com\/wp-content\/uploads\/2023\/05\/Cammino-della-sibila-no-bg-1-1.png","width":3600,"height":3600,"caption":"camminodellasibilla.com"},"image":{"@id":"https:\/\/camminodellasibilla.com\/#\/schema\/logo\/image\/"}}]}},"_links":{"self":[{"href":"https:\/\/camminodellasibilla.com\/index.php\/wp-json\/wp\/v2\/pages\/780","targetHints":{"allow":["GET"]}}],"collection":[{"href":"https:\/\/camminodellasibilla.com\/index.php\/wp-json\/wp\/v2\/pages"}],"about":[{"href":"https:\/\/camminodellasibilla.com\/index.php\/wp-json\/wp\/v2\/types\/page"}],"author":[{"embeddable":true,"href":"https:\/\/camminodellasibilla.com\/index.php\/wp-json\/wp\/v2\/users\/1"}],"replies":[{"embeddable":true,"href":"https:\/\/camminodellasibilla.com\/index.php\/wp-json\/wp\/v2\/comments?post=780"}],"version-history":[{"count":253,"href":"https:\/\/camminodellasibilla.com\/index.php\/wp-json\/wp\/v2\/pages\/780\/revisions"}],"predecessor-version":[{"id":3534,"href":"https:\/\/camminodellasibilla.com\/index.php\/wp-json\/wp\/v2\/pages\/780\/revisions\/3534"}],"wp:attachment":[{"href":"https:\/\/camminodellasibilla.com\/index.php\/wp-json\/wp\/v2\/media?parent=780"}],"curies":[{"name":"wp","href":"https:\/\/api.w.org\/{rel}","templated":true}]}}